{"id":110,"date":"2021-11-19T14:38:05","date_gmt":"2021-11-19T13:38:05","guid":{"rendered":"http:\/\/localhost\/home\/"},"modified":"2023-03-20T13:21:10","modified_gmt":"2023-03-20T12:21:10","slug":"home","status":"publish","type":"page","link":"https:\/\/www.pazola.com\/en\/","title":{"rendered":"home"},"content":{"rendered":"\n<h1 class=\"wp-block-heading\">PAZOLA Travel &amp; Adventure<\/h1>\n\n\n\n<p>Uwielbiamy podr\u00f3\u017cowa\u0107, poznawa\u0107 nowe l\u0105dy i przeciera\u0107 szlaki. Kochamy przygod\u0119 i wyzwania. Szukamy kontaktu z nowymi lud\u017ami i wszechobecn\u0105 przyrod\u0105. Uczymy si\u0119 \u017cy\u0107 inaczej, podgl\u0105damy inne kultury, gar\u015bciami czerpiemy z otaczaj\u0105cego nas \u015bwiata. Pod i nad woda prze\u017cyli\u015bmy najpi\u0119kniejsze chwile i najwi\u0119ksze przygody, stad wynie\u015bli\u015bmy wspomnienia na cale \u017cycie. Od 2000r. oferujemy kompleksowa obs\u0142ug\u0119 &#8211; z nami zwiedzisz najdalsze zak\u0105tki \u015bwiata!<\/p>\n\n\n\n<div id=\"read-more\" class=\"wp-block-group\"><div class=\"wp-block-group__inner-container is-layout-flow wp-block-group-is-layout-flow\">\n<p><\/p>\n\n\n\n<div class=\"wp-block-media-text alignwide is-stacked-on-mobile\"><figure class=\"wp-block-media-text__media\"><img loading=\"lazy\" decoding=\"async\" width=\"673\" height=\"300\" src=\"https:\/\/www.pazola.com\/wp-content\/uploads\/2023\/03\/pazola-wyjazdy-i-nurkowanie-1.jpg\" alt=\"\" class=\"wp-image-17239 size-full\" srcset=\"https:\/\/www.pazola.com\/wp-content\/uploads\/2023\/03\/pazola-wyjazdy-i-nurkowanie-1.jpg 673w, https:\/\/www.pazola.com\/wp-content\/uploads\/2023\/03\/pazola-wyjazdy-i-nurkowanie-1-300x134.jpg 300w\" sizes=\"auto, (max-width: 673px) 100vw, 673px\" \/><\/figure><div class=\"wp-block-media-text__content\">\n<p>JAKIE ZAK\u0104TKI \u015aWIATA Z NAMI POZNASZ?<\/p>\n\n\n\n<p>Destynacje naszych ekspedycji to mi\u0119dzy innymi: Malediwy i Sri Lanka, Galapagos, Ekwador i Peru, Papua Irian Jaya, Halmahera, Bohol, Filipiny, Dubaj\/Abu Dhabi, Sipadan i Borneo, Australia z Tasmani\u0105, Bali, Nepal, Bhutan, Sudan, Nowa Zelandia, RPA, Fiji, Arabia Saudyjska, Polinezja Francuska, Meksyk z Chinchorro, Wyspa Wielkanocna, Oman\/Musandam, Yap, Palau, Guam, Laguna Chuuk, Antarktyda, Pohnpei, Jemen \u2013 Socotra, Hawaje i kontynentalne USA, Tajlandia, Kambod\u017ca, Sao Tome &amp; Principe, Laos i Wietnam \u2013 to nie s\u0105 plany \u2013 we wszystkich miejscach byli\u015bmy z grupami, cz\u0119sto wielokrotnie!<\/p>\n<\/div><\/div>\n\n\n\n<div class=\"wp-block-media-text alignwide has-media-on-the-right is-stacked-on-mobile\"><div class=\"wp-block-media-text__content\">\n<p>CO OFERUJEMY?<\/p>\n\n\n\n<ul class=\"wp-block-list\">\n<li>wyjazdy integracyjne dla firm : pobyty stacjonarne, safari, dalekie wyprawy<\/li>\n\n\n\n<li>wyprawy nurkowe na wszystkich trasach Morza Czerwonego<\/li>\n\n\n\n<li>kursy nurkowe w systemie PADI od OWD dla pocz\u0105tkuj\u0105cych po Dive Mastera<\/li>\n\n\n\n<li>kompleksowa obs\u0142uga os\u00f3b indywidualnych: przeloty, hotele, szkolenia nurkowe, nurkowania dla zaawansowanych, safari nurkowe;<\/li>\n\n\n\n<li>kompleksowa obs\u0142uga grup zorganizowanych oraz klub\u00f3w nurkowych<\/li>\n\n\n\n<li>czarter jacht\u00f3w nurkowych: Egipt, Malediwy, Sudan, Seszele, Australia, Fiji, Tajlandia, Oman, Arabia Saudyjska, indyjskie Andamany, Antarktyda i Galapagos<\/li>\n\n\n\n<li>wyprawy dooko\u0142a \u015bwiata dla najbardziej wymagaj\u0105cych<\/li>\n\n\n\n<li>zajmujemy si\u0119 przygotowaniem i przeprowadzaniem imprezy od A do Z, Wam pozostaje jedynie relaks<\/li>\n<\/ul>\n<\/div><figure class=\"wp-block-media-text__media\"><img loading=\"lazy\" decoding=\"async\" width=\"673\" height=\"319\" src=\"https:\/\/www.pazola.com\/wp-content\/uploads\/2023\/03\/pazola-wyjazdy-i-nurkowanie-4.jpg\" alt=\"\" class=\"wp-image-17245 size-full\" srcset=\"https:\/\/www.pazola.com\/wp-content\/uploads\/2023\/03\/pazola-wyjazdy-i-nurkowanie-4.jpg 673w, https:\/\/www.pazola.com\/wp-content\/uploads\/2023\/03\/pazola-wyjazdy-i-nurkowanie-4-300x142.jpg 300w\" sizes=\"auto, (max-width: 673px) 100vw, 673px\" \/><\/figure><\/div>\n\n\n\n<div class=\"wp-block-media-text alignwide is-stacked-on-mobile\"><figure class=\"wp-block-media-text__media\"><img loading=\"lazy\" decoding=\"async\" width=\"387\" height=\"581\" src=\"https:\/\/www.pazola.com\/wp-content\/uploads\/2023\/03\/DSC07205-01.jpeg\" alt=\"\" class=\"wp-image-17346 size-full\" srcset=\"https:\/\/www.pazola.com\/wp-content\/uploads\/2023\/03\/DSC07205-01.jpeg 387w, https:\/\/www.pazola.com\/wp-content\/uploads\/2023\/03\/DSC07205-01-200x300.jpeg 200w\" sizes=\"auto, (max-width: 387px) 100vw, 387px\" \/><\/figure><div class=\"wp-block-media-text__content\">\n<p>Od pocz\u0105tku istnienia firmy specjalizujemy si\u0119 w organizacji safari i ekspedycji, dzi\u0119ki czemu dzi\u015b mo\u017cemy poszczyci\u0107 si\u0119 rekordow\u0105 liczb\u0105 na rynku polskim zorganizowanych ponad 400 grupowych wypraw nurkowych!<\/p>\n\n\n\n<p>Jako pierwsi na rynku polskim wprowadzamy nowe kierunki:<\/p>\n\n\n\n<ul class=\"wp-block-list\">\n<li>2004r. &#8211; pierwsze polskie safari nurkowe na Malediwach!<\/li>\n\n\n\n<li>2005r. &#8211; pierwsza zorganizowana grupa polskich nurk\u00f3w zanurzy\u0142a si\u0119 w wodach archipelagu Raja Ampat w Papui Zachodniej!<\/li>\n\n\n\n<li>2006r. &#8211; pierwsza polska wyprawa nurkowa na Galapagos!<\/li>\n\n\n\n<li>2009r. &#8211; pierwsze polskie safari nurkowe w Arabii Saudyjskiej!<\/li>\n\n\n\n<li>2009r. &#8211; pierwsze polskie safari nurkowe na Fiji!<\/li>\n\n\n\n<li>2011r. &#8211; pierwsze polskie safari nurkowe na Musandam\/Oman!<\/li>\n\n\n\n<li>2012r. &#8211; pierwsza grupa z Polski nurkowa\u0142a na Pohnpei!<\/li>\n\n\n\n<li>2013r. &#8211; pierwsza grupa z Polski nurkowa\u0142a na Tasmanii!<\/li>\n\n\n\n<li>2014r. &#8211; pierwsza grupa Polak\u00f3w nurkowa\u0142a na Roatanie w Hondurasie!<\/li>\n\n\n\n<li>2015r. &#8211; pierwsza grupa Polak\u00f3w zanurkowa\u0142a na Andamanach i Nikobarach!<\/li>\n\n\n\n<li>2016r. &#8211; pierwsza polska grupa nurkowa\u0142a na Morzu Bismarcka w PNG!<\/li>\n\n\n\n<li>2017r. &#8211; pierwsza polska wyprawa nurkowa na Moluki P\u00f3\u0142nocne &#8211; Halmahera!<\/li>\n\n\n\n<li>2018r. &#8211; pierwsza grupa z Polski zanurkowa\u0142a na Sao Tome &amp; Principe w Afryce!<\/li>\n\n\n\n<li>2019r. &#8211; pierwsza polska ekspedycja nurkowa na niesamowita wysp\u0119 Socotra w Jemenie!<\/li>\n<\/ul>\n<\/div><\/div>\n\n\n\n<div class=\"wp-block-media-text alignwide has-media-on-the-right is-stacked-on-mobile\"><div class=\"wp-block-media-text__content\">\n<p>DO\u015aWIADCZENIE W LICZBACH<\/p>\n\n\n\n<p>Par\u0119 statystyk i cze\u015b\u0107 naszego dorobku: od 2000r. byli\u015bmy na Malediwach 35 razy, na Galapagos z Ekwadorem i Peru 20 razy, na Sipadanie i Borneo 6 razy, na Bali 8 razy, na Papui Zachodniej 9 razy, w Indochinach (Tajlandia, Kambod\u017ca, Laos, Wietnam) 5 razy, w RPA 7 razy, w Omanie 8 razy, na Truk 5 razy, w Arabii Saudyjskiej 5 razy, na Socotrze 5 razy, na Palau 4 razy i w Australii 5 razy. W samym Egipcie zorganizowali\u015bmy ponad 250 safari nurkowych!<br>Odkryli\u015bmy i nadali\u015bmy nazw\u0119 pi\u0119ciu r\u00f3\u017cnym nurkowiskom na \u015bwiecie: Polish Reef na Papui Zachodniej, Polish Window na Fiji, Polish Fingers w Arabii Saudyjskiej, Polish Bommies na Papui Nowej Gwinei oraz Polish Crack na Principe!<br>Jako pierwsi na \u015bwiecie stworzyli\u015bmy Red Sea Underwater Guide \u2013 w 2010r. unikalny multimedialny, interaktywny, animowany 3D przewodnik po 57 rafach Morza Czerwonego w 6 j\u0119zykach!<\/p>\n<\/div><figure class=\"wp-block-media-text__media\"><img loading=\"lazy\" decoding=\"async\" width=\"673\" height=\"364\" src=\"https:\/\/www.pazola.com\/wp-content\/uploads\/2023\/03\/pazola-wyjazdy-i-nurkowanie-2-1.jpg\" alt=\"\" class=\"wp-image-17247 size-full\" srcset=\"https:\/\/www.pazola.com\/wp-content\/uploads\/2023\/03\/pazola-wyjazdy-i-nurkowanie-2-1.jpg 673w, https:\/\/www.pazola.com\/wp-content\/uploads\/2023\/03\/pazola-wyjazdy-i-nurkowanie-2-1-300x162.jpg 300w\" sizes=\"auto, (max-width: 673px) 100vw, 673px\" \/><\/figure><\/div>\n\n\n\n<p>Nasz personel nie sk\u0142ada si\u0119 z przypadkowych os\u00f3b &#8211; nasze wyjazdy prowadz\u0105 prawdziwi pasjonaci nurkowania, fotografii i podr\u00f3\u017cy: instruktorzy nurkowania z co najmniej 15-letnim do\u015bwiadczeniem, wieloj\u0119zyczni, utalentowani i utytu\u0142owani, z najlepszymi \u015bwiatowymi nagrodami fotograficznymi, coache osobowo\u015bci i businessu &#8211; ludzie ciekawi, niebanalni i niezwykle charyzmatyczni. Wi\u0119cej w zak\u0142adce: <a href=\"http:\/\/o-nas\">O NAS<\/a>.<\/p>\n\n\n\n<p>Zapraszamy po przygod\u0119!<\/p>\n<\/div><\/div>\n\n\n\n<div class=\"wp-block-buttons is-layout-flex wp-block-buttons-is-layout-flex\">\n<div class=\"wp-block-button\" id=\"show-more-btn\"><a class=\"wp-block-button__link wp-element-button\">Chc\u0119 wiedzie\u0107 wi\u0119cej<\/a><\/div>\n<\/div>\n","protected":false},"excerpt":{"rendered":"<p>PAZOLA Travel &amp; Adventure Uwielbiamy podr\u00f3\u017cowa\u0107, poznawa\u0107 nowe l\u0105dy i przeciera\u0107 szlaki. Kochamy przygod\u0119 i wyzwania. Szukamy kontaktu z nowymi lud\u017ami i wszechobecn\u0105 przyrod\u0105. Uczymy si\u0119 \u017cy\u0107 inaczej, podgl\u0105damy inne kultury, gar\u015bciami czerpiemy z otaczaj\u0105cego nas \u015bwiata. Pod i nad woda prze\u017cyli\u015bmy najpi\u0119kniejsze chwile i najwi\u0119ksze przygody, stad wynie\u015bli\u015bmy wspomnienia na cale \u017cycie. Od 2000r. [&hellip;]<\/p>\n","protected":false},"author":1,"featured_media":0,"parent":0,"menu_order":0,"comment_status":"closed","ping_status":"closed","template":"front-page.php","meta":{"footnotes":""},"class_list":["post-110","page","type-page","status-publish","hentry"],"acf":[],"yoast_head":"<!-- This site is optimized with the Yoast SEO plugin v27.6 - https:\/\/yoast.com\/product\/yoast-seo-wordpress\/ -->\n<title>home | Pazola - trips and diving safaris<\/title>\n<meta name=\"robots\" content=\"index, follow, max-snippet:-1, max-image-preview:large, max-video-preview:-1\" \/>\n<link rel=\"canonical\" href=\"https:\/\/www.pazola.com\/en\/\" \/>\n<meta property=\"og:locale\" content=\"en_US\" \/>\n<meta property=\"og:type\" content=\"article\" \/>\n<meta property=\"og:title\" content=\"home | Pazola - trips and diving safaris\" \/>\n<meta property=\"og:description\" content=\"PAZOLA Travel &amp; Adventure Uwielbiamy podr\u00f3\u017cowa\u0107, poznawa\u0107 nowe l\u0105dy i przeciera\u0107 szlaki. Kochamy przygod\u0119 i wyzwania. Szukamy kontaktu z nowymi lud\u017ami i wszechobecn\u0105 przyrod\u0105. Uczymy si\u0119 \u017cy\u0107 inaczej, podgl\u0105damy inne kultury, gar\u015bciami czerpiemy z otaczaj\u0105cego nas \u015bwiata. Pod i nad woda prze\u017cyli\u015bmy najpi\u0119kniejsze chwile i najwi\u0119ksze przygody, stad wynie\u015bli\u015bmy wspomnienia na cale \u017cycie. Od 2000r. [&hellip;]\" \/>\n<meta property=\"og:url\" content=\"https:\/\/www.pazola.com\/en\/\" \/>\n<meta property=\"og:site_name\" content=\"Pazola - trips and diving safaris\" \/>\n<meta property=\"article:modified_time\" content=\"2023-03-20T12:21:10+00:00\" \/>\n<meta property=\"og:image\" content=\"https:\/\/www.pazola.com\/wp-content\/uploads\/2023\/03\/pazola-wyjazdy-i-nurkowanie-1.jpg\" \/>\n<meta name=\"twitter:card\" content=\"summary_large_image\" \/>\n<meta name=\"twitter:label1\" content=\"Est. reading time\" \/>\n\t<meta name=\"twitter:data1\" content=\"1 minute\" \/>\n<script type=\"application\/ld+json\" class=\"yoast-schema-graph\">{\"@context\":\"https:\\\/\\\/schema.org\",\"@graph\":[{\"@type\":\"WebPage\",\"@id\":\"https:\\\/\\\/www.pazola.com\\\/en\\\/\",\"url\":\"https:\\\/\\\/www.pazola.com\\\/en\\\/\",\"name\":\"home | Pazola - trips and diving safaris\",\"isPartOf\":{\"@id\":\"https:\\\/\\\/www.pazola.com\\\/en\\\/#website\"},\"primaryImageOfPage\":{\"@id\":\"https:\\\/\\\/www.pazola.com\\\/en\\\/#primaryimage\"},\"image\":{\"@id\":\"https:\\\/\\\/www.pazola.com\\\/en\\\/#primaryimage\"},\"thumbnailUrl\":\"https:\\\/\\\/www.pazola.com\\\/wp-content\\\/uploads\\\/2023\\\/03\\\/pazola-wyjazdy-i-nurkowanie-1.jpg\",\"datePublished\":\"2021-11-19T13:38:05+00:00\",\"dateModified\":\"2023-03-20T12:21:10+00:00\",\"breadcrumb\":{\"@id\":\"https:\\\/\\\/www.pazola.com\\\/en\\\/#breadcrumb\"},\"inLanguage\":\"en-US\",\"potentialAction\":[{\"@type\":\"ReadAction\",\"target\":[\"https:\\\/\\\/www.pazola.com\\\/en\\\/\"]}]},{\"@type\":\"ImageObject\",\"inLanguage\":\"en-US\",\"@id\":\"https:\\\/\\\/www.pazola.com\\\/en\\\/#primaryimage\",\"url\":\"https:\\\/\\\/www.pazola.com\\\/wp-content\\\/uploads\\\/2023\\\/03\\\/pazola-wyjazdy-i-nurkowanie-1.jpg\",\"contentUrl\":\"https:\\\/\\\/www.pazola.com\\\/wp-content\\\/uploads\\\/2023\\\/03\\\/pazola-wyjazdy-i-nurkowanie-1.jpg\"},{\"@type\":\"BreadcrumbList\",\"@id\":\"https:\\\/\\\/www.pazola.com\\\/en\\\/#breadcrumb\",\"itemListElement\":[{\"@type\":\"ListItem\",\"position\":1,\"name\":\"Pazola - trips and diving safaris\",\"item\":\"https:\\\/\\\/www.pazola.com\\\/en\\\/home\\\/\"},{\"@type\":\"ListItem\",\"position\":2,\"name\":\"home\"}]},{\"@type\":\"WebSite\",\"@id\":\"https:\\\/\\\/www.pazola.com\\\/en\\\/#website\",\"url\":\"https:\\\/\\\/www.pazola.com\\\/en\\\/\",\"name\":\"Pazola - trips and diving safaris\",\"description\":\"PAZOLA \u2014 an exclusive travel agency. One of the largest organisers of underwater adventure in Poland!\",\"publisher\":{\"@id\":\"https:\\\/\\\/www.pazola.com\\\/en\\\/#organization\"},\"potentialAction\":[{\"@type\":\"SearchAction\",\"target\":{\"@type\":\"EntryPoint\",\"urlTemplate\":\"https:\\\/\\\/www.pazola.com\\\/en\\\/?s={search_term_string}\"},\"query-input\":{\"@type\":\"PropertyValueSpecification\",\"valueRequired\":true,\"valueName\":\"search_term_string\"}}],\"inLanguage\":\"en-US\"},{\"@type\":\"Organization\",\"@id\":\"https:\\\/\\\/www.pazola.com\\\/en\\\/#organization\",\"name\":\"Pazola - trips and diving safaris\",\"url\":\"https:\\\/\\\/www.pazola.com\\\/en\\\/\",\"logo\":{\"@type\":\"ImageObject\",\"inLanguage\":\"en-US\",\"@id\":\"https:\\\/\\\/www.pazola.com\\\/en\\\/#\\\/schema\\\/logo\\\/image\\\/\",\"url\":\"https:\\\/\\\/www.pazola.com\\\/wp-content\\\/uploads\\\/2021\\\/11\\\/cropped-pazolaLogoWhite.png\",\"contentUrl\":\"https:\\\/\\\/www.pazola.com\\\/wp-content\\\/uploads\\\/2021\\\/11\\\/cropped-pazolaLogoWhite.png\",\"width\":438,\"height\":140,\"caption\":\"Pazola - trips and diving safaris\"},\"image\":{\"@id\":\"https:\\\/\\\/www.pazola.com\\\/en\\\/#\\\/schema\\\/logo\\\/image\\\/\"}}]}<\/script>\n<!-- \/ Yoast SEO plugin. -->","yoast_head_json":{"title":"home | Pazola - trips and diving safaris","robots":{"index":"index","follow":"follow","max-snippet":"max-snippet:-1","max-image-preview":"max-image-preview:large","max-video-preview":"max-video-preview:-1"},"canonical":"https:\/\/www.pazola.com\/en\/","og_locale":"en_US","og_type":"article","og_title":"home | Pazola - trips and diving safaris","og_description":"PAZOLA Travel &amp; Adventure Uwielbiamy podr\u00f3\u017cowa\u0107, poznawa\u0107 nowe l\u0105dy i przeciera\u0107 szlaki. Kochamy przygod\u0119 i wyzwania. Szukamy kontaktu z nowymi lud\u017ami i wszechobecn\u0105 przyrod\u0105. Uczymy si\u0119 \u017cy\u0107 inaczej, podgl\u0105damy inne kultury, gar\u015bciami czerpiemy z otaczaj\u0105cego nas \u015bwiata. Pod i nad woda prze\u017cyli\u015bmy najpi\u0119kniejsze chwile i najwi\u0119ksze przygody, stad wynie\u015bli\u015bmy wspomnienia na cale \u017cycie. Od 2000r. [&hellip;]","og_url":"https:\/\/www.pazola.com\/en\/","og_site_name":"Pazola - trips and diving safaris","article_modified_time":"2023-03-20T12:21:10+00:00","og_image":[{"url":"https:\/\/www.pazola.com\/wp-content\/uploads\/2023\/03\/pazola-wyjazdy-i-nurkowanie-1.jpg","type":"","width":"","height":""}],"twitter_card":"summary_large_image","twitter_misc":{"Est. reading time":"1 minute"},"schema":{"@context":"https:\/\/schema.org","@graph":[{"@type":"WebPage","@id":"https:\/\/www.pazola.com\/en\/","url":"https:\/\/www.pazola.com\/en\/","name":"home | Pazola - trips and diving safaris","isPartOf":{"@id":"https:\/\/www.pazola.com\/en\/#website"},"primaryImageOfPage":{"@id":"https:\/\/www.pazola.com\/en\/#primaryimage"},"image":{"@id":"https:\/\/www.pazola.com\/en\/#primaryimage"},"thumbnailUrl":"https:\/\/www.pazola.com\/wp-content\/uploads\/2023\/03\/pazola-wyjazdy-i-nurkowanie-1.jpg","datePublished":"2021-11-19T13:38:05+00:00","dateModified":"2023-03-20T12:21:10+00:00","breadcrumb":{"@id":"https:\/\/www.pazola.com\/en\/#breadcrumb"},"inLanguage":"en-US","potentialAction":[{"@type":"ReadAction","target":["https:\/\/www.pazola.com\/en\/"]}]},{"@type":"ImageObject","inLanguage":"en-US","@id":"https:\/\/www.pazola.com\/en\/#primaryimage","url":"https:\/\/www.pazola.com\/wp-content\/uploads\/2023\/03\/pazola-wyjazdy-i-nurkowanie-1.jpg","contentUrl":"https:\/\/www.pazola.com\/wp-content\/uploads\/2023\/03\/pazola-wyjazdy-i-nurkowanie-1.jpg"},{"@type":"BreadcrumbList","@id":"https:\/\/www.pazola.com\/en\/#breadcrumb","itemListElement":[{"@type":"ListItem","position":1,"name":"Pazola - trips and diving safaris","item":"https:\/\/www.pazola.com\/en\/home\/"},{"@type":"ListItem","position":2,"name":"home"}]},{"@type":"WebSite","@id":"https:\/\/www.pazola.com\/en\/#website","url":"https:\/\/www.pazola.com\/en\/","name":"Pazola - trips and diving safaris","description":"PAZOLA \u2014 an exclusive travel agency. One of the largest organisers of underwater adventure in Poland!","publisher":{"@id":"https:\/\/www.pazola.com\/en\/#organization"},"potentialAction":[{"@type":"SearchAction","target":{"@type":"EntryPoint","urlTemplate":"https:\/\/www.pazola.com\/en\/?s={search_term_string}"},"query-input":{"@type":"PropertyValueSpecification","valueRequired":true,"valueName":"search_term_string"}}],"inLanguage":"en-US"},{"@type":"Organization","@id":"https:\/\/www.pazola.com\/en\/#organization","name":"Pazola - trips and diving safaris","url":"https:\/\/www.pazola.com\/en\/","logo":{"@type":"ImageObject","inLanguage":"en-US","@id":"https:\/\/www.pazola.com\/en\/#\/schema\/logo\/image\/","url":"https:\/\/www.pazola.com\/wp-content\/uploads\/2021\/11\/cropped-pazolaLogoWhite.png","contentUrl":"https:\/\/www.pazola.com\/wp-content\/uploads\/2021\/11\/cropped-pazolaLogoWhite.png","width":438,"height":140,"caption":"Pazola - trips and diving safaris"},"image":{"@id":"https:\/\/www.pazola.com\/en\/#\/schema\/logo\/image\/"}}]}},"_links":{"self":[{"href":"https:\/\/www.pazola.com\/en\/wp-json\/wp\/v2\/pages\/110","targetHints":{"allow":["GET"]}}],"collection":[{"href":"https:\/\/www.pazola.com\/en\/wp-json\/wp\/v2\/pages"}],"about":[{"href":"https:\/\/www.pazola.com\/en\/wp-json\/wp\/v2\/types\/page"}],"author":[{"embeddable":true,"href":"https:\/\/www.pazola.com\/en\/wp-json\/wp\/v2\/users\/1"}],"replies":[{"embeddable":true,"href":"https:\/\/www.pazola.com\/en\/wp-json\/wp\/v2\/comments?post=110"}],"version-history":[{"count":8,"href":"https:\/\/www.pazola.com\/en\/wp-json\/wp\/v2\/pages\/110\/revisions"}],"predecessor-version":[{"id":17368,"href":"https:\/\/www.pazola.com\/en\/wp-json\/wp\/v2\/pages\/110\/revisions\/17368"}],"wp:attachment":[{"href":"https:\/\/www.pazola.com\/en\/wp-json\/wp\/v2\/media?parent=110"}],"curies":[{"name":"wp","href":"https:\/\/api.w.org\/{rel}","templated":true}]}}